{"id":843,"date":"2016-12-21T11:41:17","date_gmt":"2016-12-21T10:41:17","guid":{"rendered":"http:\/\/www.kasparbauer.com\/hofchronik\/"},"modified":"2022-09-29T13:01:46","modified_gmt":"2022-09-29T11:01:46","slug":"farm-history","status":"publish","type":"page","link":"https:\/\/www.kasparbauer.com\/en\/farm-history\/","title":{"rendered":"Farm History"},"content":{"rendered":"<div class=\"wpb-content-wrapper\"><p>[vc_row][vc_column][vc_column_text]<\/p>\n<h1>Chronicle of our farm in Radstadt<\/h1>\n<h2>Farm history of the Kasparbauer<\/h2>\n<p>[\/vc_column_text][vc_separator][\/vc_column][\/vc_row][vc_row][vc_column][vc_column_text]Handed down from generation to generation. The Mayrh\u00f6fe Farms in the Taurach Valley are typical of Austrian ancestral farms. The farm and farming family are closely entwined. What scenes have played within these walls, in which one and the same family has lived. What tales it could tell. Tales of happy wedding days, sad periods of mourning, tales of love and sorrow, of war and hardship. In Tyrol such farms are called &#8220;farms of honour&#8221; and that&#8217;s what they are. There aren&#8217;t many left these days, the whirlwind of modern times uproots many a long-standing tree.[\/vc_column_text][\/vc_column][\/vc_row][vc_row][vc_column width=&#8221;1\/3&#8243;][vc_single_image image=&#8221;739&#8243; img_size=&#8221;small&#8221;][\/vc_column][vc_column width=&#8221;1\/3&#8243;][vc_single_image image=&#8221;738&#8243; img_size=&#8221;small&#8221;][\/vc_column][vc_column width=&#8221;1\/3&#8243;][vc_single_image image=&#8221;740&#8243; img_size=&#8221;small&#8221;][\/vc_column][\/vc_row][vc_row][vc_column][vc_tta_accordion active_section=&#8221;false&#8221; collapsible_all=&#8221;true&#8221;][vc_tta_section title=&#8221;How it all started. The &#8220;Little King&#8220; of Kaspard\u00f6rfl&#8221; tab_id=&#8221;1482332280034-996fcb0b-4812&#8243;][vc_column_text]Handed down from generation to generation. This also applied to the Mayrh\u00f6fen farms, situated just a half an hour from Radstadt, along the valley on the right bank of the Taurach river, merged to one in local dialect under the name of &#8220;Kaspernd\u00f6rfl&#8221;. Originally one estate, later split into four separate farms, they are now once again combined to make one. The Kasparbauer at the Obermayrhof holds a tight reign over the Mittermay or H\u00f6denhof, the Niedermayrhof or the Schobergut and the Diktenanwesen. A little king. The family name of the Kasparbauern farmer, Mayrhofer, bears witness to the many hundreds of years history of his family dynasty.<\/p>\n<p>&nbsp;<\/p>\n<p>Let us tell you the story. Your head won&#8217;t spin with dates. Orginally the estate belonged to the Teising clan &#8211; a bourgeois family from Salzburg. After the family Teising died out it returned to the provincial ruler by which it was governed from 1415 to 1848, and to whom a yearly sum of 12 pound of pfennige had to be paid.<\/p>\n<p>&nbsp;<\/p>\n<p>n the most ancient rent registers the name of a certain Rupert with his son Petrus appears. After him his daughter Elisabeth, who was married to Jakob. Then her son Leonhard Mayrhofer followed, who lived around 1500. Around 1600 a Ruprecht Mayrhofer appears, who passed on the farm to to his son Kaspar in 1610. The handover of the Tauernkaralm occured in 1618 through his authorised representative Georg Mayrhofer, citizen of and innkeeper in Radstadt, and the neighbour Ulrich Schober on theTaurach. Georg Mayrhofer was brother or cousin of Kaspar and owned the Sternwirtshaus inn in Radstadt, which until this very day is known by locals at the &#8220;Mayrhofwirt&#8221;.[\/vc_column_text][\/vc_tta_section][vc_tta_section title=&#8221;1640 \u2013 Kaspar Mayrhofer, at the time of the 30-year war &#8221; tab_id=&#8221;1482332280111-3929ce94-296a&#8221;][vc_column_text]<strong>Kaspar Mayrhofer<\/strong>, from whom the farm name <strong>&#8220;Kasparbauer&#8221;<\/strong> originates, was surely one of the most important and popular owners of the estate. His sister Anna married Thomas Piber from the Piberhof, another sister was wife of the innkeeper Michael Falnhauser &#8220;Guth Voglp\u00fcchl in Vorstau&#8221;. His above-mentioned brothers-in-law purchased the Alpine rights to the name Niederh\u00fctten, called &#8220;Alpl&#8221; for around 1700 Gilders and 24 Gilders worker fee, each for 15 Batzen or 60 Kreuzer of good Salzburg currency. Kaspar Mayrhofer died around 1645 leaving many children and grandchildren. What did a brave farmer go through in the uncertain times of the 30-year war? Even though its terrors had been warded off Salzburg territory by the drive and prudence of the Provincial Prince, the Archbishop Paris Lodron. Kaspar didn&#8217;t live to see the peace agreement which brought salvation. His son Michael had followed in his foosteps and taken over the family farm in 1637 for 1450 Gilders.[\/vc_column_text][\/vc_tta_section][vc_tta_section title=&#8221;1731 \u2013 End of the religious revolts&#8221; tab_id=&#8221;1482332317517-fd06580a-b220&#8243;][vc_column_text]Noteworthy owners who followed are Sebastian Mayrhofer (1687) and Georg Mayrhofer (1707). As in other Salzburg bishoprics, tensions were brewing in the Taurach Valley too. Protestant preachers and Lutheran missionaries travelled through the mountain valleys persuading farmers and workers to turn their backs on the Catholic Church until finally Archbishop Leopold Firmian put an end to the religious revolts with his expulsion order of 31st October 1731. Over 22,000 inhabitants of the Province emigrated. Mayrhofer relatives were amongst them: Rupert Mayrhofer, Hausst\u00e4tt farmer, 28 years old (his wife Regina Brandst\u00e4tterin remained behind) and Wolf Mayrhofer, 72 years old, and his wife, Rosina Pergerin, 55 years old and their son Michael, 24 years old. On the Kaspargut farm the traditional faith as their forefathers was upheld.[\/vc_column_text][\/vc_tta_section][vc_tta_section title=&#8221;1770 \u2013 Georg Mayrhofer, the Chapel builder&#8221; tab_id=&#8221;1482332333053-6bbc9706-8e32&#8243;][vc_column_text]The best known owner of the Kaspargut farm was undoubtedly Georg Mayrhofer, who ruled over the farm from 1770 to 1808 and brought enormous prosperity. Georg was the builder of the lovely, spacious chapel with its magnificent Mariahilf-Altar. Ancient writings prove that he renovated the farmhouse, constructed a threshing floor powered by water on the Taurach, cultivated a lovely tree garden which still exists today, and improved the alpine pasture in Vordergnaden with irrigation trenches, which can still be seen today.<\/p>\n<p>&nbsp;<\/p>\n<p>In difficult times \u2013 the French were oppressing the country &#8211; his son Matthias took over the family farm and ran it from 1808 to 1859, a total of fifty years. In 1810 he married Katharina Stegerin, in 1852 Katharina Thurner, daughter from the Schaidl farm in Flachau. In 1859 ownership passed to his son Matthias, who married Elisabeth Kirchgasser and ran the farm until 1894. He died in 1896 at the age of 90 years.[\/vc_column_text][\/vc_tta_section][vc_tta_section title=&#8221;1894 \u2013 Ownership of Kasparbauer to today&#8217;s family&#8221; tab_id=&#8221;1482332348068-d201af0f-dd0e&#8221;][vc_column_text]In 1894 the Kasparbauer was handed down to Johann Mayrhofer, who married the Fels daughter Rosina Lackner and who left him with 4 children when she died. His second wife Anna, ne\u00e9 Huber, was faithful to him for 25 years, a gem of a woman. To the dismay of her family she was also buried in 1925, two of her twelve children died before her, her son Josef in the war.<\/p>\n<p>&nbsp;<\/p>\n<p>Johann Mayrhofer, today&#8217;s owner, looks back with a sense pride coupled with a feeling of responsibilty on a long line of ancestors. Worthy of the best who ran the farm before him, he preserves the legacy of his forefathers, his homeland, farm traditions, religious beliefs and customs of the generations before him in these difficult times.[\/vc_column_text][\/vc_tta_section][vc_tta_section title=&#8221;The Schoberlehen&#8221; tab_id=&#8221;1482332427220-61fc84a5-1f89&#8243;][vc_column_text]Even in 1883 the Schoberlehen, which had originally belonged to the Castle Schlosse Schermberg, passed into the ownership of the Mayrhofers. The groundholders here can also be traced back some 340 years. In 1604 the name Ulrich Schober appears, the founding father of many generations, which died out on the farm at the beginning of 1800. In 1851 the Kasparbauer farm son Rupert Mayrhofer acquired ownership, but sold on to his brother Matthias in 1865 in order to purchase the Forstergut in H\u00fcttau. Some years later he emigrated with his wife Veronika Stiglitz, from the Ziller Valley, and their 5 children to America. Talk was of a shipwreck on the high seas, but nothing was heard from the emigrants. They probably perished at sea.[\/vc_column_text][\/vc_tta_section][vc_tta_section title=&#8221;The H\u00f6dlehen&#8221; tab_id=&#8221;1482332461968-953e4889-5762&#8243;][vc_column_text]The <strong>H\u00f6dlehen<\/strong>, also called the Mittermayrhof farm, situated between the Schober and Kasparbauer farms, once served the St. Hieronymus and Elisabethaltar in the Salzburg Cathedral. The oldest known owner was Jakob H\u00f6d (1604), whose offspring lived here until 1829. After numerous changes of ownership the farm came to be owned by Johann Mayrhofer in 1895 and was incorporated into the Kasparbauern estate.[\/vc_column_text][\/vc_tta_section][vc_tta_section title=&#8221;The Diktengut&#8221; tab_id=&#8221;1482332485635-e2e34130-ad79&#8243;][vc_column_text]The fourth property, the Diktengut farm, has a long-standing tradition too. The name comes from Benedikt Mayrhofer, who lived here from 1694 to 1750. It served the St. Virgil&#8217;s Church Radstadt and had to pay 13 Pfennigs, later 1 Schilling 18 Pfennigs plus wine and 18 Pfennings writing fee.<\/p>\n<p>&nbsp;<\/p>\n<p>&#8220;After Benedikt Mayrhoffer his son J\u00f6rg became owner, having bought out his brothers and sisters Michael, Margareth, Elspet, Magdalena and Anna.&#8221; This Georg Mayrhofer seems to have been a respected, capable man. In 1653 he received hunting ground in the Fager forest and Labenegg on both sides of the Radst\u00e4dter Tauern as far as the Markstein from the church; the yearly fee was 1 marten, 6 squirrels, 1 hazel hen and 1 fox fur. A hunting dispute with Jakob Wiesenegger, Innkeeper on the Tauern, ended with a comprimise settlement. The Mayrhofer name stayed on the Diktengut until 1811, whereafter the Stainpachers took over for 100 years. The last owner bequeathed the farm to a niece, Anna L\u00fcrzer, Breitlehen daughter from Untertauern, who married Alois Bergm\u00fcller, Stocker son from H\u00fcttau. After the early death of his wife, Bergm\u00fcller became ill and handed over the farm to rent to the Kasparbauer Johann Mayrhofer, so now as in olden days, the four Mayrh\u00f6fe farms are under one hand.<\/p>\n<p>&nbsp;<\/p>\n<p>The Mayrhofer farming families have witnessed 500 years of Salzburg bishopric history and world events have rippled the peace of the Taurach Valley. Many thousands of walkers have passed the farms on the Tauern road, have looked up to and headed on their way. Times have changed, the people too; however, the spirit of old has remained at the Mayrh\u00f6fen farms.[\/vc_column_text][\/vc_tta_section][\/vc_tta_accordion][\/vc_column][\/vc_row][vc_row][vc_column][vc_column_text]<strong>Long live the farming families!<\/strong>\u00a0May they last for many centuries to come, loyal to their inherited land.[\/vc_column_text][\/vc_column][\/vc_row][vc_row][vc_column width=&#8221;1\/2&#8243;][vc_column_text]<span class=\"button-block\"><a href=\"https:\/\/www.kasparbauer.com\/urlaub-am-bauernhof-radstadt-1\/\">Our farm<\/a><\/span>[\/vc_column_text][\/vc_column][vc_column width=&#8221;1\/2&#8243;][vc_column_text]<span class=\"button-block\"><a href=\"https:\/\/www.kasparbauer.com\/en\/photos\/\">Photos<\/a><\/span>[\/vc_column_text][\/vc_column][\/vc_row]<\/p>\n<\/div>","protected":false},"excerpt":{"rendered":"<p>[vc_row][vc_column][vc_column_text] Chronicle of our farm in Radstadt Farm history of the Kasparbauer [\/vc_column_text][vc_separator][\/vc_column][\/vc_row][vc_row][vc_column][vc_column_text]Handed down from generation to generation. The Mayrh\u00f6fe Farms in the Taurach Valley are typical of Austrian ancestral farms. The farm and farming family are closely entwined. What scenes have played within these walls, in which one and the same family has lived. &hellip;<\/p>\n\n<p><a class=\"readmore btn btn-default btn-default btn-block\" href=\"https:\/\/www.kasparbauer.com\/en\/farm-history\/\">Read More<\/a><\/p>","protected":false},"author":1,"featured_media":790,"parent":0,"menu_order":2,"comment_status":"closed","ping_status":"closed","template":"","meta":{"footnotes":""},"class_list":["post-843","page","type-page","status-publish","has-post-thumbnail","hentry"],"yoast_head":"<!-- This site is optimized with the Yoast SEO plugin v24.4 - https:\/\/yoast.com\/wordpress\/plugins\/seo\/ -->\n<title>Farm history - Adventure farm Kasparbauer in Radstadt, Salzburg<\/title>\n<meta name=\"description\" content=\"Get to know our farm history. We look forward to welcome you at our farm - your unforgettable farm holiday in Radstadt, Salzburger Land.\" \/>\n<meta name=\"robots\" content=\"index, follow, max-snippet:-1, max-image-preview:large, max-video-preview:-1\" \/>\n<link rel=\"canonical\" href=\"https:\/\/www.kasparbauer.com\/hofchronik\/\" \/>\n<meta property=\"og:locale\" content=\"en_US\" \/>\n<meta property=\"og:type\" content=\"article\" \/>\n<meta property=\"og:title\" content=\"Farm history - Adventure farm Kasparbauer in Radstadt, Salzburg\" \/>\n<meta property=\"og:description\" content=\"Get to know our farm history. We look forward to welcome you at our farm - your unforgettable farm holiday in Radstadt, Salzburger Land.\" \/>\n<meta property=\"og:url\" content=\"https:\/\/www.kasparbauer.com\/hofchronik\/\" \/>\n<meta property=\"og:site_name\" content=\"Erlebnisbauernhof Kasparbauer\" \/>\n<meta property=\"article:modified_time\" content=\"2022-09-29T11:01:46+00:00\" \/>\n<meta property=\"og:image\" content=\"https:\/\/www.kasparbauer.com\/wp-content\/uploads\/kasparbauer-hofchronik-4.jpg\" \/>\n\t<meta property=\"og:image:width\" content=\"1920\" \/>\n\t<meta property=\"og:image:height\" content=\"1000\" \/>\n\t<meta property=\"og:image:type\" content=\"image\/jpeg\" \/>\n<meta name=\"twitter:label1\" content=\"Est. reading time\" \/>\n\t<meta name=\"twitter:data1\" content=\"9 minutes\" \/>\n<script type=\"application\/ld+json\" class=\"yoast-schema-graph\">{\"@context\":\"https:\/\/schema.org\",\"@graph\":[{\"@type\":\"WebPage\",\"@id\":\"https:\/\/www.kasparbauer.com\/hofchronik\/\",\"url\":\"https:\/\/www.kasparbauer.com\/hofchronik\/\",\"name\":\"Farm history - Adventure farm Kasparbauer in Radstadt, Salzburg\",\"isPartOf\":{\"@id\":\"https:\/\/www.kasparbauer.com\/#website\"},\"primaryImageOfPage\":{\"@id\":\"https:\/\/www.kasparbauer.com\/hofchronik\/#primaryimage\"},\"image\":{\"@id\":\"https:\/\/www.kasparbauer.com\/hofchronik\/#primaryimage\"},\"thumbnailUrl\":\"https:\/\/www.kasparbauer.com\/wp-content\/uploads\/kasparbauer-hofchronik-4.jpg\",\"datePublished\":\"2016-12-21T10:41:17+00:00\",\"dateModified\":\"2022-09-29T11:01:46+00:00\",\"description\":\"Get to know our farm history. We look forward to welcome you at our farm - your unforgettable farm holiday in Radstadt, Salzburger Land.\",\"breadcrumb\":{\"@id\":\"https:\/\/www.kasparbauer.com\/hofchronik\/#breadcrumb\"},\"inLanguage\":\"en-US\",\"potentialAction\":[{\"@type\":\"ReadAction\",\"target\":[\"https:\/\/www.kasparbauer.com\/hofchronik\/\"]}]},{\"@type\":\"ImageObject\",\"inLanguage\":\"en-US\",\"@id\":\"https:\/\/www.kasparbauer.com\/hofchronik\/#primaryimage\",\"url\":\"https:\/\/www.kasparbauer.com\/wp-content\/uploads\/kasparbauer-hofchronik-4.jpg\",\"contentUrl\":\"https:\/\/www.kasparbauer.com\/wp-content\/uploads\/kasparbauer-hofchronik-4.jpg\",\"width\":1920,\"height\":1000},{\"@type\":\"BreadcrumbList\",\"@id\":\"https:\/\/www.kasparbauer.com\/hofchronik\/#breadcrumb\",\"itemListElement\":[{\"@type\":\"ListItem\",\"position\":1,\"name\":\"Startseite\",\"item\":\"https:\/\/www.kasparbauer.com\/en\/\"},{\"@type\":\"ListItem\",\"position\":2,\"name\":\"Farm History\"}]},{\"@type\":\"WebSite\",\"@id\":\"https:\/\/www.kasparbauer.com\/#website\",\"url\":\"https:\/\/www.kasparbauer.com\/\",\"name\":\"Erlebnisbauernhof Kasparbauer\",\"description\":\"Bauernhofurlaub in Radstadt\",\"potentialAction\":[{\"@type\":\"SearchAction\",\"target\":{\"@type\":\"EntryPoint\",\"urlTemplate\":\"https:\/\/www.kasparbauer.com\/?s={search_term_string}\"},\"query-input\":{\"@type\":\"PropertyValueSpecification\",\"valueRequired\":true,\"valueName\":\"search_term_string\"}}],\"inLanguage\":\"en-US\"}]}<\/script>\n<!-- \/ Yoast SEO plugin. -->","yoast_head_json":{"title":"Farm history - Adventure farm Kasparbauer in Radstadt, Salzburg","description":"Get to know our farm history. We look forward to welcome you at our farm - your unforgettable farm holiday in Radstadt, Salzburger Land.","robots":{"index":"index","follow":"follow","max-snippet":"max-snippet:-1","max-image-preview":"max-image-preview:large","max-video-preview":"max-video-preview:-1"},"canonical":"https:\/\/www.kasparbauer.com\/hofchronik\/","og_locale":"en_US","og_type":"article","og_title":"Farm history - Adventure farm Kasparbauer in Radstadt, Salzburg","og_description":"Get to know our farm history. We look forward to welcome you at our farm - your unforgettable farm holiday in Radstadt, Salzburger Land.","og_url":"https:\/\/www.kasparbauer.com\/hofchronik\/","og_site_name":"Erlebnisbauernhof Kasparbauer","article_modified_time":"2022-09-29T11:01:46+00:00","og_image":[{"width":1920,"height":1000,"url":"https:\/\/www.kasparbauer.com\/wp-content\/uploads\/kasparbauer-hofchronik-4.jpg","type":"image\/jpeg"}],"twitter_misc":{"Est. reading time":"9 minutes"},"schema":{"@context":"https:\/\/schema.org","@graph":[{"@type":"WebPage","@id":"https:\/\/www.kasparbauer.com\/hofchronik\/","url":"https:\/\/www.kasparbauer.com\/hofchronik\/","name":"Farm history - Adventure farm Kasparbauer in Radstadt, Salzburg","isPartOf":{"@id":"https:\/\/www.kasparbauer.com\/#website"},"primaryImageOfPage":{"@id":"https:\/\/www.kasparbauer.com\/hofchronik\/#primaryimage"},"image":{"@id":"https:\/\/www.kasparbauer.com\/hofchronik\/#primaryimage"},"thumbnailUrl":"https:\/\/www.kasparbauer.com\/wp-content\/uploads\/kasparbauer-hofchronik-4.jpg","datePublished":"2016-12-21T10:41:17+00:00","dateModified":"2022-09-29T11:01:46+00:00","description":"Get to know our farm history. We look forward to welcome you at our farm - your unforgettable farm holiday in Radstadt, Salzburger Land.","breadcrumb":{"@id":"https:\/\/www.kasparbauer.com\/hofchronik\/#breadcrumb"},"inLanguage":"en-US","potentialAction":[{"@type":"ReadAction","target":["https:\/\/www.kasparbauer.com\/hofchronik\/"]}]},{"@type":"ImageObject","inLanguage":"en-US","@id":"https:\/\/www.kasparbauer.com\/hofchronik\/#primaryimage","url":"https:\/\/www.kasparbauer.com\/wp-content\/uploads\/kasparbauer-hofchronik-4.jpg","contentUrl":"https:\/\/www.kasparbauer.com\/wp-content\/uploads\/kasparbauer-hofchronik-4.jpg","width":1920,"height":1000},{"@type":"BreadcrumbList","@id":"https:\/\/www.kasparbauer.com\/hofchronik\/#breadcrumb","itemListElement":[{"@type":"ListItem","position":1,"name":"Startseite","item":"https:\/\/www.kasparbauer.com\/en\/"},{"@type":"ListItem","position":2,"name":"Farm History"}]},{"@type":"WebSite","@id":"https:\/\/www.kasparbauer.com\/#website","url":"https:\/\/www.kasparbauer.com\/","name":"Erlebnisbauernhof Kasparbauer","description":"Bauernhofurlaub in Radstadt","potentialAction":[{"@type":"SearchAction","target":{"@type":"EntryPoint","urlTemplate":"https:\/\/www.kasparbauer.com\/?s={search_term_string}"},"query-input":{"@type":"PropertyValueSpecification","valueRequired":true,"valueName":"search_term_string"}}],"inLanguage":"en-US"}]}},"_links":{"self":[{"href":"https:\/\/www.kasparbauer.com\/en\/wp-json\/wp\/v2\/pages\/843","targetHints":{"allow":["GET"]}}],"collection":[{"href":"https:\/\/www.kasparbauer.com\/en\/wp-json\/wp\/v2\/pages"}],"about":[{"href":"https:\/\/www.kasparbauer.com\/en\/wp-json\/wp\/v2\/types\/page"}],"author":[{"embeddable":true,"href":"https:\/\/www.kasparbauer.com\/en\/wp-json\/wp\/v2\/users\/1"}],"replies":[{"embeddable":true,"href":"https:\/\/www.kasparbauer.com\/en\/wp-json\/wp\/v2\/comments?post=843"}],"version-history":[{"count":0,"href":"https:\/\/www.kasparbauer.com\/en\/wp-json\/wp\/v2\/pages\/843\/revisions"}],"wp:featuredmedia":[{"embeddable":true,"href":"https:\/\/www.kasparbauer.com\/en\/wp-json\/wp\/v2\/media\/790"}],"wp:attachment":[{"href":"https:\/\/www.kasparbauer.com\/en\/wp-json\/wp\/v2\/media?parent=843"}],"curies":[{"name":"wp","href":"https:\/\/api.w.org\/{rel}","templated":true}]}}